{"id":259,"date":"2019-02-04T20:35:58","date_gmt":"2019-02-04T19:35:58","guid":{"rendered":"http:\/\/buergerverein-kuchenheim.de\/?page_id=259"},"modified":"2019-02-04T20:44:49","modified_gmt":"2019-02-04T19:44:49","slug":"tagesordnung-mitgliederversammlung","status":"publish","type":"page","link":"https:\/\/buergerverein-kuchenheim.de\/?page_id=259","title":{"rendered":"Tagesordnung Mitgliederversammlung"},"content":{"rendered":"<p><strong>Tagesordnung der Mitgliederversammlung am 06.02.2019<\/strong><\/p>\n<p>&nbsp;<\/p>\n<ol>\n<li>Begr\u00fc\u00dfung, Erl\u00e4uterung Tagesordnung<\/li>\n<li>Feststellung der fristgerechten Einladung und der Beschlussf\u00e4higkeit<\/li>\n<li>Satzungs\u00e4nderung<\/li>\n<li>Bericht des Schatzmeisters<\/li>\n<li>Wahl des 2. Kassenpr\u00fcfers<\/li>\n<li>Aussprache Spalierbaum\/Spende<\/li>\n<li>Bericht aus den Arbeitsgruppen<\/li>\n<li>Bericht Quartiersb\u00fcro<\/li>\n<li>Verschiedenes<\/li>\n<\/ol>\n","protected":false},"excerpt":{"rendered":"<p>Tagesordnung der Mitgliederversammlung am 06.02.2019 &nbsp; Begr\u00fc\u00dfung, Erl\u00e4uterung Tagesordnung Feststellung der fristgerechten Einladung und der Beschlussf\u00e4higkeit Satzungs\u00e4nderung Bericht des Schatzmeisters Wahl des 2. Kassenpr\u00fcfers Aussprache Spalierbaum\/Spende Bericht aus den Arbeitsgruppen Bericht Quartiersb\u00fcro Verschiedenes<\/p>\n","protected":false},"author":1,"featured_media":0,"parent":0,"menu_order":0,"comment_status":"closed","ping_status":"closed","template":"","meta":{"jetpack_post_was_ever_published":false,"footnotes":""},"class_list":["post-259","page","type-page","status-publish","hentry"],"jetpack_sharing_enabled":true,"jetpack_shortlink":"https:\/\/wp.me\/Parmlx-4b","_links":{"self":[{"href":"https:\/\/buergerverein-kuchenheim.de\/index.php?rest_route=\/wp\/v2\/pages\/259","targetHints":{"allow":["GET"]}}],"collection":[{"href":"https:\/\/buergerverein-kuchenheim.de\/index.php?rest_route=\/wp\/v2\/pages"}],"about":[{"href":"https:\/\/buergerverein-kuchenheim.de\/index.php?rest_route=\/wp\/v2\/types\/page"}],"author":[{"embeddable":true,"href":"https:\/\/buergerverein-kuchenheim.de\/index.php?rest_route=\/wp\/v2\/users\/1"}],"replies":[{"embeddable":true,"href":"https:\/\/buergerverein-kuchenheim.de\/index.php?rest_route=%2Fwp%2Fv2%2Fcomments&post=259"}],"version-history":[{"count":3,"href":"https:\/\/buergerverein-kuchenheim.de\/index.php?rest_route=\/wp\/v2\/pages\/259\/revisions"}],"predecessor-version":[{"id":266,"href":"https:\/\/buergerverein-kuchenheim.de\/index.php?rest_route=\/wp\/v2\/pages\/259\/revisions\/266"}],"wp:attachment":[{"href":"https:\/\/buergerverein-kuchenheim.de\/index.php?rest_route=%2Fwp%2Fv2%2Fmedia&parent=259"}],"curies":[{"name":"wp","href":"https:\/\/api.w.org\/{rel}","templated":true}]}}